{"id":75,"date":"2025-05-29T08:02:04","date_gmt":"2025-05-29T08:02:04","guid":{"rendered":"https:\/\/questcommunity.org\/about\/"},"modified":"2025-06-15T16:09:26","modified_gmt":"2025-06-15T13:09:26","slug":"about","status":"publish","type":"page","link":"https:\/\/questcommunity.org\/ro\/about\/","title":{"rendered":"About"},"content":{"rendered":"<div class=\"wp-block-uagb-container uagb-block-002b066a alignfull uagb-is-root-container\"><div class=\"uagb-container-inner-blocks-wrap\">\n<div class=\"wp-block-uagb-advanced-heading uagb-block-ea598fb2\"><h1 class=\"uagb-heading-text\">Fedezd fel a k\u00f6z\u00f6ss\u00e9g\u00fcnket<\/h1><\/div>\n<\/div><\/div>\n\n\n\n<div class=\"wp-block-uagb-container uagb-layout-grid uagb-block-2fc93861 alignfull uagb-is-root-container\"><div class=\"uagb-container-inner-blocks-wrap\">\n<div class=\"wp-block-uagb-container uagb-block-39b7662b\">\n<div class=\"wp-block-uagb-advanced-heading uagb-block-9979b694\"><h2 class=\"uagb-heading-text\">Scopul \u0219i misiunea Comunit\u0103\u021bii<\/h2><p class=\"uagb-desc-text\">Comunitatea noastr\u0103 ofer\u0103 experien\u021be de neuitat \u0219i dezvoltare pentru to\u021bi membrii, contribuind la o societate mai con\u0219tient\u0103.<\/p><\/div>\n\n\n\n<div class=\"wp-block-uagb-container uagb-block-6bfbbd05\">\n<div class=\"wp-block-uagb-advanced-heading uagb-block-cf99ba13\"><h3 class=\"uagb-heading-text\">Viziunea noastr\u0103<\/h3><p class=\"uagb-desc-text\">Comunitatea \u00ee\u0219i propune s\u0103 creeze o societate incluziv\u0103 \u00een care fiecare \u00ee\u0219i poate g\u0103si locul.<\/p><\/div>\n\n\n\n<div class=\"wp-block-uagb-advanced-heading uagb-block-e46667cf\"><h3 class=\"uagb-heading-text\">Misiunea noastr\u0103<\/h3><p class=\"uagb-desc-text\">Scopul nostru este de a crea o comunitate \u00een care toat\u0103 lumea este sprijinit\u0103 astfel \u00eenc\u00e2t poate cre\u0219te \u0219i \u00eenv\u0103\u021ba.<\/p><\/div>\n<\/div>\n<\/div>\n\n\n\n<div class=\"wp-block-uagb-image uagb-block-bbbd4e1c wp-block-uagb-image--layout-default wp-block-uagb-image--effect-static wp-block-uagb-image--align-none\"><figure class=\"wp-block-uagb-image__figure\"><img decoding=\"async\" srcset=\"https:\/\/questcommunity.org\/wp-content\/uploads\/2025\/06\/pexels-fauxels-3184431-683x1024.jpg ,https:\/\/questcommunity.org\/wp-content\/uploads\/2025\/06\/pexels-fauxels-3184431-scaled.jpg 780w, https:\/\/questcommunity.org\/wp-content\/uploads\/2025\/06\/pexels-fauxels-3184431-scaled.jpg 360w\" sizes=\"auto, (max-width: 480px) 150px\" src=\"https:\/\/questcommunity.org\/wp-content\/uploads\/2025\/06\/pexels-fauxels-3184431-683x1024.jpg\" alt=\"Unity\" class=\"uag-image-335\" width=\"600\" height=\"450\" title=\"pexels-fauxels-3184431\" loading=\"lazy\" role=\"img\"\/><\/figure><\/div>\n<\/div><\/div>\n\n\n\n<div class=\"wp-block-uagb-container uagb-block-974c2749 alignfull uagb-is-root-container\"><div class=\"uagb-container-inner-blocks-wrap\">\n<div class=\"wp-block-uagb-advanced-heading uagb-block-82cfac32\"><h2 class=\"uagb-heading-text\">Principiile noastre<\/h2><p class=\"uagb-desc-text\">Valorile de baz\u0103 care stau la fundamentul comunit\u0103\u021bii noastre.<\/p><\/div>\n\n\n\n<div class=\"wp-block-uagb-container uagb-layout-grid uagb-block-a38eaf29\">\n<div class=\"wp-block-uagb-container uagb-block-46cec337\">\n<div class=\"wp-block-uagb-info-box uagb-block-7616c8e4 uagb-infobox__content-wrap  uagb-infobox-icon-above-title uagb-infobox-image-valign-top\"><div class=\"uagb-ifb-content\"><div class=\"uagb-ifb-title-wrap\"><p class=\"uagb-ifb-title-prefix\">01<\/p><h3 class=\"uagb-ifb-title\">Acceptare<\/h3><\/div><p class=\"uagb-ifb-desc\">Fiecare persoan\u0103 are un loc sigur \u0219i primitor \u00een comunitate.<\/p><div class=\"uagb-ifb-separator\"><\/div><\/div><\/div>\n\n\n\n<div class=\"wp-block-uagb-info-box uagb-block-4cd0df93 uagb-infobox__content-wrap  uagb-infobox-icon-above-title uagb-infobox-image-valign-top\"><div class=\"uagb-ifb-content\"><div class=\"uagb-ifb-title-wrap\"><p class=\"uagb-ifb-title-prefix\">02<\/p><h3 class=\"uagb-ifb-title\">Cooperare<\/h3><\/div><p class=\"uagb-ifb-desc\">Ajutor reciproc \u0219i sprijin pentru fiecare membru al comunit\u0103\u021bii.<\/p><\/div><\/div>\n<\/div>\n\n\n\n<div class=\"wp-block-uagb-image uagb-block-f8c93e82 wp-block-uagb-image--layout-default wp-block-uagb-image--effect-static wp-block-uagb-image--align-none\"><figure class=\"wp-block-uagb-image__figure\"><img decoding=\"async\" srcset=\"https:\/\/questcommunity.org\/wp-content\/uploads\/2025\/06\/jeppe-h-jensen-b3eaH1hguOA-unsplash-683x1024.jpg ,https:\/\/questcommunity.org\/wp-content\/uploads\/2025\/06\/jeppe-h-jensen-b3eaH1hguOA-unsplash-scaled.jpg 780w, https:\/\/questcommunity.org\/wp-content\/uploads\/2025\/06\/jeppe-h-jensen-b3eaH1hguOA-unsplash-scaled.jpg 360w\" sizes=\"auto, (max-width: 480px) 150px\" src=\"https:\/\/questcommunity.org\/wp-content\/uploads\/2025\/06\/jeppe-h-jensen-b3eaH1hguOA-unsplash-683x1024.jpg\" alt=\"Balance\" class=\"uag-image-333\" width=\"385\" height=\"450\" title=\"jeppe-h-jensen-b3eaH1hguOA-unsplash\" loading=\"lazy\" role=\"img\"\/><\/figure><\/div>\n\n\n\n<div class=\"wp-block-uagb-container uagb-block-69978b0b\">\n<div class=\"wp-block-uagb-info-box uagb-block-110f5eaa uagb-infobox__content-wrap  uagb-infobox-icon-above-title uagb-infobox-image-valign-top\"><div class=\"uagb-ifb-content\"><div class=\"uagb-ifb-title-wrap\"><p class=\"uagb-ifb-title-prefix\">03<\/p><h3 class=\"uagb-ifb-title\">Con\u0219tientizare<\/h3><\/div><p class=\"uagb-ifb-desc\">\u00cencuraj\u0103m dezvoltarea \u0219i \u00eenv\u0103\u021barea continu\u0103.<\/p><div class=\"uagb-ifb-separator\"><\/div><\/div><\/div>\n\n\n\n<div class=\"wp-block-uagb-info-box uagb-block-7178a2dd uagb-infobox__content-wrap  uagb-infobox-icon-above-title uagb-infobox-image-valign-top\"><div class=\"uagb-ifb-content\"><div class=\"uagb-ifb-title-wrap\"><p class=\"uagb-ifb-title-prefix\">04<\/p><h3 class=\"uagb-ifb-title\">Empatie<\/h3><\/div><p class=\"uagb-ifb-desc\">\u00cen\u021belegere \u0219i compasiune fa\u021b\u0103 de cel\u0103lalt.<\/p><\/div><\/div>\n<\/div>\n<\/div>\n<\/div><\/div>\n\n\n\n<div class=\"wp-block-uagb-container uagb-block-35937d88 alignfull uagb-is-root-container\"><div class=\"uagb-container-inner-blocks-wrap\">\n<div class=\"wp-block-uagb-info-box uagb-block-710ed4f3 uagb-infobox__content-wrap  uagb-infobox-icon-above-title uagb-infobox-image-valign-top\"><div class=\"uagb-ifb-content\"><div class=\"uagb-ifb-title-wrap\"><h2 class=\"uagb-ifb-title\">Al\u0103tur\u0103-te nou\u0103 \u0219i cre\u0219te cu noi!<\/h2><\/div><p class=\"uagb-ifb-desc\">Al\u0103tur\u0103-te comunit\u0103\u021bii noastre, unde vom forma viitorul \u00eempreun\u0103!<\/p><div class=\"uagb-ifb-button-wrapper wp-block-button\"><a href=\"https:\/\/www.facebook.com\/groups\/questcommunityorg\" class=\"uagb-infobox-cta-link wp-block-button__link\" target=\"_self\" rel=\"noopener noreferrer\" onclick=\"return true;\"><span class=\"uagb-inline-editing\">\u00censcrie-te acum<\/span><\/a><\/div><\/div><\/div>\n<\/div><\/div>","protected":false},"excerpt":{"rendered":"<p>Fedezd fel a k\u00f6z\u00f6ss\u00e9g\u00fcnket A K\u00f6z\u00f6ss\u00e9g c\u00e9lja \u00e9s k\u00fcldet\u00e9se K\u00f6z\u00f6ss\u00e9g\u00fcnk felejthetetlen \u00e9lm\u00e9nyeket \u00e9s fejl\u0151d\u00e9st k\u00edn\u00e1l minden tag sz\u00e1m\u00e1ra, hozz\u00e1j\u00e1rulva a [&hellip;]<\/p>","protected":false},"author":1,"featured_media":0,"parent":0,"menu_order":20,"comment_status":"closed","ping_status":"closed","template":"","meta":{"_uag_custom_page_level_css":"","site-sidebar-layout":"default","site-content-layout":"","ast-site-content-layout":"","site-content-style":"default","site-sidebar-style":"default","ast-global-header-display":"","ast-banner-title-visibility":"","ast-main-header-display":"","ast-hfb-above-header-display":"","ast-hfb-below-header-display":"","ast-hfb-mobile-header-display":"","site-post-title":"disabled","ast-breadcrumbs-content":"","ast-featured-img":"","footer-sml-layout":"","theme-transparent-header-meta":"enabled","adv-header-id-meta":"","stick-header-meta":"","header-above-stick-meta":"","header-main-stick-meta":"","header-below-stick-meta":"","astra-migrate-meta-layouts":"default","ast-page-background-enabled":"default","ast-page-background-meta":{"desktop":{"background-color":"var(--ast-global-color-4)","background-image":"","background-repeat":"repeat","background-position":"center center","background-size":"auto","background-attachment":"scroll","background-type":"","background-media":"","overlay-type":"","overlay-color":"","overlay-opacity":"","overlay-gradient":""},"tablet":{"background-color":"","background-image":"","background-repeat":"repeat","background-position":"center center","background-size":"auto","background-attachment":"scroll","background-type":"","background-media":"","overlay-type":"","overlay-color":"","overlay-opacity":"","overlay-gradient":""},"mobile":{"background-color":"","background-image":"","background-repeat":"repeat","background-position":"center center","background-size":"auto","background-attachment":"scroll","background-type":"","background-media":"","overlay-type":"","overlay-color":"","overlay-opacity":"","overlay-gradient":""}},"ast-content-background-meta":{"desktop":{"background-color":"var(--ast-global-color-5)","background-image":"","background-repeat":"repeat","background-position":"center center","background-size":"auto","background-attachment":"scroll","background-type":"","background-media":"","overlay-type":"","overlay-color":"","overlay-opacity":"","overlay-gradient":""},"tablet":{"background-color":"var(--ast-global-color-5)","background-image":"","background-repeat":"repeat","background-position":"center center","background-size":"auto","background-attachment":"scroll","background-type":"","background-media":"","overlay-type":"","overlay-color":"","overlay-opacity":"","overlay-gradient":""},"mobile":{"background-color":"var(--ast-global-color-5)","background-image":"","background-repeat":"repeat","background-position":"center center","background-size":"auto","background-attachment":"scroll","background-type":"","background-media":"","overlay-type":"","overlay-color":"","overlay-opacity":"","overlay-gradient":""}},"footnotes":""},"class_list":["post-75","page","type-page","status-publish","hentry"],"yoast_head":"<!-- This site is optimized with the Yoast SEO plugin v25.3 - https:\/\/yoast.com\/wordpress\/plugins\/seo\/ -->\n<title>About - A K\u00f6z\u00f6ss\u00e9g<\/title>\n<meta name=\"robots\" content=\"index, follow, max-snippet:-1, max-image-preview:large, max-video-preview:-1\" \/>\n<link rel=\"canonical\" href=\"https:\/\/questcommunity.org\/ro\/about\/\" \/>\n<meta property=\"og:locale\" content=\"ro_RO\" \/>\n<meta property=\"og:type\" content=\"article\" \/>\n<meta property=\"og:title\" content=\"About - A K\u00f6z\u00f6ss\u00e9g\" \/>\n<meta property=\"og:description\" content=\"Fedezd fel a k\u00f6z\u00f6ss\u00e9g\u00fcnket A K\u00f6z\u00f6ss\u00e9g c\u00e9lja \u00e9s k\u00fcldet\u00e9se K\u00f6z\u00f6ss\u00e9g\u00fcnk felejthetetlen \u00e9lm\u00e9nyeket \u00e9s fejl\u0151d\u00e9st k\u00edn\u00e1l minden tag sz\u00e1m\u00e1ra, hozz\u00e1j\u00e1rulva a [&hellip;]\" \/>\n<meta property=\"og:url\" content=\"https:\/\/questcommunity.org\/ro\/about\/\" \/>\n<meta property=\"og:site_name\" content=\"A K\u00f6z\u00f6ss\u00e9g\" \/>\n<meta property=\"article:publisher\" content=\"https:\/\/www.facebook.com\/groups\/questcommunityorg\" \/>\n<meta property=\"article:modified_time\" content=\"2025-06-15T13:09:26+00:00\" \/>\n<meta property=\"og:image\" content=\"https:\/\/questcommunity.org\/wp-content\/uploads\/2025\/06\/pexels-fauxels-3184431-683x1024.jpg\" \/>\n<meta name=\"twitter:card\" content=\"summary_large_image\" \/>\n<meta name=\"twitter:label1\" content=\"Timp estimat pentru citire\" \/>\n\t<meta name=\"twitter:data1\" content=\"1 minut\" \/>\n<script type=\"application\/ld+json\" class=\"yoast-schema-graph\">{\"@context\":\"https:\/\/schema.org\",\"@graph\":[{\"@type\":\"WebPage\",\"@id\":\"https:\/\/questcommunity.org\/about\/\",\"url\":\"https:\/\/questcommunity.org\/about\/\",\"name\":\"About - A K\u00f6z\u00f6ss\u00e9g\",\"isPartOf\":{\"@id\":\"https:\/\/questcommunity.org\/#website\"},\"primaryImageOfPage\":{\"@id\":\"https:\/\/questcommunity.org\/about\/#primaryimage\"},\"image\":{\"@id\":\"https:\/\/questcommunity.org\/about\/#primaryimage\"},\"thumbnailUrl\":\"https:\/\/questcommunity.org\/wp-content\/uploads\/2025\/06\/pexels-fauxels-3184431-683x1024.jpg\",\"datePublished\":\"2025-05-29T08:02:04+00:00\",\"dateModified\":\"2025-06-15T13:09:26+00:00\",\"breadcrumb\":{\"@id\":\"https:\/\/questcommunity.org\/about\/#breadcrumb\"},\"inLanguage\":\"ro-RO\",\"potentialAction\":[{\"@type\":\"ReadAction\",\"target\":[\"https:\/\/questcommunity.org\/about\/\"]}]},{\"@type\":\"ImageObject\",\"inLanguage\":\"ro-RO\",\"@id\":\"https:\/\/questcommunity.org\/about\/#primaryimage\",\"url\":\"https:\/\/questcommunity.org\/wp-content\/uploads\/2025\/06\/pexels-fauxels-3184431-683x1024.jpg\",\"contentUrl\":\"https:\/\/questcommunity.org\/wp-content\/uploads\/2025\/06\/pexels-fauxels-3184431-683x1024.jpg\"},{\"@type\":\"BreadcrumbList\",\"@id\":\"https:\/\/questcommunity.org\/about\/#breadcrumb\",\"itemListElement\":[{\"@type\":\"ListItem\",\"position\":1,\"name\":\"Kezd\u0151lap\",\"item\":\"https:\/\/questcommunity.org\/\"},{\"@type\":\"ListItem\",\"position\":2,\"name\":\"About\"}]},{\"@type\":\"WebSite\",\"@id\":\"https:\/\/questcommunity.org\/#website\",\"url\":\"https:\/\/questcommunity.org\/\",\"name\":\"The Quest Community\",\"description\":\"\",\"publisher\":{\"@id\":\"https:\/\/questcommunity.org\/#organization\"},\"potentialAction\":[{\"@type\":\"SearchAction\",\"target\":{\"@type\":\"EntryPoint\",\"urlTemplate\":\"https:\/\/questcommunity.org\/?s={search_term_string}\"},\"query-input\":{\"@type\":\"PropertyValueSpecification\",\"valueRequired\":true,\"valueName\":\"search_term_string\"}}],\"inLanguage\":\"ro-RO\"},{\"@type\":\"Organization\",\"@id\":\"https:\/\/questcommunity.org\/#organization\",\"name\":\"The Quest Community\",\"url\":\"https:\/\/questcommunity.org\/\",\"logo\":{\"@type\":\"ImageObject\",\"inLanguage\":\"ro-RO\",\"@id\":\"https:\/\/questcommunity.org\/#\/schema\/logo\/image\/\",\"url\":\"https:\/\/questcommunity.org\/wp-content\/uploads\/2025\/05\/cropped-cropped-logo_K.png\",\"contentUrl\":\"https:\/\/questcommunity.org\/wp-content\/uploads\/2025\/05\/cropped-cropped-logo_K.png\",\"width\":512,\"height\":512,\"caption\":\"The Quest Community\"},\"image\":{\"@id\":\"https:\/\/questcommunity.org\/#\/schema\/logo\/image\/\"},\"sameAs\":[\"https:\/\/www.facebook.com\/groups\/questcommunityorg\"]}]}<\/script>\n<!-- \/ Yoast SEO plugin. -->","yoast_head_json":{"title":"About - A K\u00f6z\u00f6ss\u00e9g","robots":{"index":"index","follow":"follow","max-snippet":"max-snippet:-1","max-image-preview":"max-image-preview:large","max-video-preview":"max-video-preview:-1"},"canonical":"https:\/\/questcommunity.org\/ro\/about\/","og_locale":"ro_RO","og_type":"article","og_title":"About - A K\u00f6z\u00f6ss\u00e9g","og_description":"Fedezd fel a k\u00f6z\u00f6ss\u00e9g\u00fcnket A K\u00f6z\u00f6ss\u00e9g c\u00e9lja \u00e9s k\u00fcldet\u00e9se K\u00f6z\u00f6ss\u00e9g\u00fcnk felejthetetlen \u00e9lm\u00e9nyeket \u00e9s fejl\u0151d\u00e9st k\u00edn\u00e1l minden tag sz\u00e1m\u00e1ra, hozz\u00e1j\u00e1rulva a [&hellip;]","og_url":"https:\/\/questcommunity.org\/ro\/about\/","og_site_name":"A K\u00f6z\u00f6ss\u00e9g","article_publisher":"https:\/\/www.facebook.com\/groups\/questcommunityorg","article_modified_time":"2025-06-15T13:09:26+00:00","og_image":[{"url":"https:\/\/questcommunity.org\/wp-content\/uploads\/2025\/06\/pexels-fauxels-3184431-683x1024.jpg","type":"","width":"","height":""}],"twitter_card":"summary_large_image","twitter_misc":{"Timp estimat pentru citire":"1 minut"},"schema":{"@context":"https:\/\/schema.org","@graph":[{"@type":"WebPage","@id":"https:\/\/questcommunity.org\/about\/","url":"https:\/\/questcommunity.org\/about\/","name":"About - A K\u00f6z\u00f6ss\u00e9g","isPartOf":{"@id":"https:\/\/questcommunity.org\/#website"},"primaryImageOfPage":{"@id":"https:\/\/questcommunity.org\/about\/#primaryimage"},"image":{"@id":"https:\/\/questcommunity.org\/about\/#primaryimage"},"thumbnailUrl":"https:\/\/questcommunity.org\/wp-content\/uploads\/2025\/06\/pexels-fauxels-3184431-683x1024.jpg","datePublished":"2025-05-29T08:02:04+00:00","dateModified":"2025-06-15T13:09:26+00:00","breadcrumb":{"@id":"https:\/\/questcommunity.org\/about\/#breadcrumb"},"inLanguage":"ro-RO","potentialAction":[{"@type":"ReadAction","target":["https:\/\/questcommunity.org\/about\/"]}]},{"@type":"ImageObject","inLanguage":"ro-RO","@id":"https:\/\/questcommunity.org\/about\/#primaryimage","url":"https:\/\/questcommunity.org\/wp-content\/uploads\/2025\/06\/pexels-fauxels-3184431-683x1024.jpg","contentUrl":"https:\/\/questcommunity.org\/wp-content\/uploads\/2025\/06\/pexels-fauxels-3184431-683x1024.jpg"},{"@type":"BreadcrumbList","@id":"https:\/\/questcommunity.org\/about\/#breadcrumb","itemListElement":[{"@type":"ListItem","position":1,"name":"Kezd\u0151lap","item":"https:\/\/questcommunity.org\/"},{"@type":"ListItem","position":2,"name":"About"}]},{"@type":"WebSite","@id":"https:\/\/questcommunity.org\/#website","url":"https:\/\/questcommunity.org\/","name":"The Quest Community","description":"","publisher":{"@id":"https:\/\/questcommunity.org\/#organization"},"potentialAction":[{"@type":"SearchAction","target":{"@type":"EntryPoint","urlTemplate":"https:\/\/questcommunity.org\/?s={search_term_string}"},"query-input":{"@type":"PropertyValueSpecification","valueRequired":true,"valueName":"search_term_string"}}],"inLanguage":"ro-RO"},{"@type":"Organization","@id":"https:\/\/questcommunity.org\/#organization","name":"The Quest Community","url":"https:\/\/questcommunity.org\/","logo":{"@type":"ImageObject","inLanguage":"ro-RO","@id":"https:\/\/questcommunity.org\/#\/schema\/logo\/image\/","url":"https:\/\/questcommunity.org\/wp-content\/uploads\/2025\/05\/cropped-cropped-logo_K.png","contentUrl":"https:\/\/questcommunity.org\/wp-content\/uploads\/2025\/05\/cropped-cropped-logo_K.png","width":512,"height":512,"caption":"The Quest Community"},"image":{"@id":"https:\/\/questcommunity.org\/#\/schema\/logo\/image\/"},"sameAs":["https:\/\/www.facebook.com\/groups\/questcommunityorg"]}]}},"uagb_featured_image_src":{"full":false,"thumbnail":false,"medium":false,"medium_large":false,"large":false,"1536x1536":false,"2048x2048":false,"trp-custom-language-flag":false},"uagb_author_info":{"display_name":"L\u00e9n\u00e1rd","author_link":"https:\/\/questcommunity.org\/ro\/author\/lenard2010gmail-com\/"},"uagb_comment_info":0,"uagb_excerpt":"Fedezd fel a k\u00f6z\u00f6ss\u00e9g\u00fcnket A K\u00f6z\u00f6ss\u00e9g c\u00e9lja \u00e9s k\u00fcldet\u00e9se K\u00f6z\u00f6ss\u00e9g\u00fcnk felejthetetlen \u00e9lm\u00e9nyeket \u00e9s fejl\u0151d\u00e9st k\u00edn\u00e1l minden tag sz\u00e1m\u00e1ra, hozz\u00e1j\u00e1rulva a [&hellip;]","_links":{"self":[{"href":"https:\/\/questcommunity.org\/ro\/wp-json\/wp\/v2\/pages\/75","targetHints":{"allow":["GET"]}}],"collection":[{"href":"https:\/\/questcommunity.org\/ro\/wp-json\/wp\/v2\/pages"}],"about":[{"href":"https:\/\/questcommunity.org\/ro\/wp-json\/wp\/v2\/types\/page"}],"author":[{"embeddable":true,"href":"https:\/\/questcommunity.org\/ro\/wp-json\/wp\/v2\/users\/1"}],"replies":[{"embeddable":true,"href":"https:\/\/questcommunity.org\/ro\/wp-json\/wp\/v2\/comments?post=75"}],"version-history":[{"count":11,"href":"https:\/\/questcommunity.org\/ro\/wp-json\/wp\/v2\/pages\/75\/revisions"}],"predecessor-version":[{"id":343,"href":"https:\/\/questcommunity.org\/ro\/wp-json\/wp\/v2\/pages\/75\/revisions\/343"}],"wp:attachment":[{"href":"https:\/\/questcommunity.org\/ro\/wp-json\/wp\/v2\/media?parent=75"}],"curies":[{"name":"wp","href":"https:\/\/api.w.org\/{rel}","templated":true}]}}