{"id":76,"date":"2025-05-29T08:02:04","date_gmt":"2025-05-29T08:02:04","guid":{"rendered":"https:\/\/questcommunity.org\/services\/"},"modified":"2025-06-22T09:13:45","modified_gmt":"2025-06-22T06:13:45","slug":"services","status":"publish","type":"page","link":"https:\/\/questcommunity.org\/ro\/services\/","title":{"rendered":"Services"},"content":{"rendered":"<div class=\"wp-block-uagb-container uagb-block-002b066a alignfull uagb-is-root-container\"><div class=\"uagb-container-inner-blocks-wrap\">\n<div class=\"wp-block-uagb-advanced-heading uagb-block-ea598fb2\"><h1 class=\"uagb-heading-text\">Descoper\u0103 programele noastre<\/h1><\/div>\n<\/div><\/div>\n\n\n\n<div class=\"wp-block-uagb-container uagb-block-c95ede17 alignfull uagb-is-root-container\"><div class=\"uagb-container-inner-blocks-wrap\">\n<div class=\"wp-block-uagb-container uagb-block-4b3ef6a3\">\n<div class=\"wp-block-uagb-advanced-heading uagb-block-188f70ef\"><h2 class=\"uagb-heading-text\">Activit\u0103\u021bile \u0219i programele noastre principale<\/h2><\/div>\n\n\n\n<div class=\"wp-block-uagb-advanced-heading uagb-block-a8f0052f\"><p class=\"uagb-heading-text\">Descoper\u0103 programele oferite de Comunitate, care sus\u021bin dezvoltarea personal\u0103 \u0219i colectiv\u0103, \u0219i ofer\u0103 experien\u021be reale \u0219i valoroase.<\/p><\/div>\n<\/div>\n\n\n\n<div class=\"wp-block-uagb-container uagb-block-46887ad0\">\n<div class=\"wp-block-uagb-container uagb-block-9c42f0ce\">\n<div class=\"wp-block-uagb-advanced-heading uagb-block-ff445bdd\"><h3 class=\"uagb-heading-text\">Seminari<\/h3><p class=\"uagb-desc-text\">Szakszer\u0171 el\u0151ad\u00e1sok keret\u00e9ben ismerheted meg a tudatoss\u00e1g \u00e9s az \u00f6nfejleszt\u00e9s leg\u00fajabb m\u00f3dszereit, interakt\u00edv form\u00e1ban.<\/p><\/div>\n<\/div>\n\n\n\n<div class=\"wp-block-uagb-container uagb-block-58bc8707\">\n<div class=\"wp-block-uagb-advanced-heading uagb-block-e04e4fd5\"><h3 class=\"uagb-heading-text\">Activit\u0103\u021bi culturale<\/h3><p class=\"uagb-desc-text\">Evenimentele noastre culturale contribuie la apropierea comunit\u0103\u021bii \u0219i la bucuria artei \u2013 \u00eenv\u0103\u021b\u0103m \u00eempreun\u0103, prin distrac\u021bie \u0219i inspira\u021bie.<\/p><\/div>\n<\/div>\n\n\n\n<div class=\"wp-block-uagb-container uagb-block-b2d5130a\">\n<div class=\"wp-block-uagb-advanced-heading uagb-block-a27a4247\"><h3 class=\"uagb-heading-text\">Stil de via\u021b\u0103 s\u0103n\u0103tos<\/h3><p class=\"uagb-desc-text\">Programele noastre axate pe un stil de via\u021b\u0103 s\u0103n\u0103tos promoveaz\u0103 mi\u0219carea, alimenta\u021bia con\u0219tient\u0103 \u0219i bun\u0103starea mental\u0103 \u2013 pentru ca \u00eempreun\u0103 s\u0103 ne sim\u021bim mai bine.<\/p><\/div>\n<\/div>\n\n\n\n<div class=\"wp-block-uagb-container uagb-block-18dc36d7\">\n<div class=\"wp-block-uagb-advanced-heading uagb-block-24d41c39\"><h3 class=\"uagb-heading-text\">Plimb\u0103ri \u00een natur\u0103<\/h3><p class=\"uagb-desc-text\">Fedezd fel a k\u00f6rny\u00e9k term\u00e9szeti sz\u00e9ps\u00e9geit k\u00f6z\u00f6s t\u00far\u00e1k sor\u00e1n, tapasztalatok megoszt\u00e1s\u00e1val \u00e9s k\u00f6z\u00f6ss\u00e9gi \u00e9lm\u00e9nyekkel gazdagodva.<\/p><\/div>\n<\/div>\n\n\n\n<div class=\"wp-block-uagb-container uagb-block-f1492ff4\">\n<div class=\"wp-block-uagb-advanced-heading uagb-block-6bcb7c3d\"><h3 class=\"uagb-heading-text\">Cl\u0103ci moderne<\/h3><p class=\"uagb-desc-text\">Ne ajut\u0103m reciproc, construim o comunitate unit\u0103 \u0219i particip\u0103m la conversa\u021bii cu sens \u2013 toate acestea prin munc\u0103 colectiv\u0103 \u0219i implicare local\u0103.<\/p><\/div>\n<\/div>\n\n\n\n<div class=\"wp-block-uagb-container uagb-block-74d0b848\">\n<div class=\"wp-block-uagb-advanced-heading uagb-block-96429b08\"><h3 class=\"uagb-heading-text\">Ac\u021biuni caritabile<\/h3><p class=\"uagb-desc-text\">Programele noastre sociale sprijin\u0103 persoanele aflate \u00een dificultate, prin solidaritate comunitar\u0103 \u0219i empatie, la nivel local \u0219i nu numai.<\/p><\/div>\n<\/div>\n<\/div>\n<\/div><\/div>\n\n\n\n<div class=\"wp-block-uagb-container uagb-block-35937d88 alignfull uagb-is-root-container\"><div class=\"uagb-container-inner-blocks-wrap\">\n<div class=\"wp-block-uagb-info-box uagb-block-710ed4f3 uagb-infobox__content-wrap  uagb-infobox-icon-above-title uagb-infobox-image-valign-top\"><div class=\"uagb-ifb-content\"><div class=\"uagb-ifb-title-wrap\"><h2 class=\"uagb-ifb-title\">Al\u0103tur\u0103-te nou\u0103 \u0219i cre\u0219te cu noi!<\/h2><\/div><p class=\"uagb-ifb-desc\">Al\u0103tur\u0103-te comunit\u0103\u021bii noastre, unde vom forma viitorul \u00eempreun\u0103!<\/p><div class=\"uagb-ifb-button-wrapper wp-block-button\"><a href=\"https:\/\/www.facebook.com\/groups\/questcommunityorg\" class=\"uagb-infobox-cta-link wp-block-button__link\" target=\"_self\" rel=\"noopener noreferrer\" onclick=\"return true;\"><span class=\"uagb-inline-editing\">\u00censcrie-te acum<\/span><\/a><\/div><\/div><\/div>\n<\/div><\/div>","protected":false},"excerpt":{"rendered":"<p>Fedezd fel programjainkat! F\u0151bb programjaink \u00e9s tev\u00e9kenys\u00e9geink Ismerd meg a K\u00f6z\u00f6ss\u00e9g \u00e1ltal k\u00edn\u00e1lt programokat, amelyek el\u0151seg\u00edtik a szem\u00e9lyes \u00e9s k\u00f6z\u00f6ss\u00e9gi [&hellip;]<\/p>","protected":false},"author":1,"featured_media":0,"parent":0,"menu_order":30,"comment_status":"closed","ping_status":"closed","template":"","meta":{"_uag_custom_page_level_css":"","site-sidebar-layout":"default","site-content-layout":"","ast-site-content-layout":"","site-content-style":"default","site-sidebar-style":"default","ast-global-header-display":"","ast-banner-title-visibility":"","ast-main-header-display":"","ast-hfb-above-header-display":"","ast-hfb-below-header-display":"","ast-hfb-mobile-header-display":"","site-post-title":"disabled","ast-breadcrumbs-content":"","ast-featured-img":"","footer-sml-layout":"","theme-transparent-header-meta":"enabled","adv-header-id-meta":"","stick-header-meta":"","header-above-stick-meta":"","header-main-stick-meta":"","header-below-stick-meta":"","astra-migrate-meta-layouts":"default","ast-page-background-enabled":"default","ast-page-background-meta":{"desktop":{"background-color":"var(--ast-global-color-4)","background-image":"","background-repeat":"repeat","background-position":"center center","background-size":"auto","background-attachment":"scroll","background-type":"","background-media":"","overlay-type":"","overlay-color":"","overlay-opacity":"","overlay-gradient":""},"tablet":{"background-color":"","background-image":"","background-repeat":"repeat","background-position":"center center","background-size":"auto","background-attachment":"scroll","background-type":"","background-media":"","overlay-type":"","overlay-color":"","overlay-opacity":"","overlay-gradient":""},"mobile":{"background-color":"","background-image":"","background-repeat":"repeat","background-position":"center center","background-size":"auto","background-attachment":"scroll","background-type":"","background-media":"","overlay-type":"","overlay-color":"","overlay-opacity":"","overlay-gradient":""}},"ast-content-background-meta":{"desktop":{"background-color":"var(--ast-global-color-5)","background-image":"","background-repeat":"repeat","background-position":"center center","background-size":"auto","background-attachment":"scroll","background-type":"","background-media":"","overlay-type":"","overlay-color":"","overlay-opacity":"","overlay-gradient":""},"tablet":{"background-color":"var(--ast-global-color-5)","background-image":"","background-repeat":"repeat","background-position":"center center","background-size":"auto","background-attachment":"scroll","background-type":"","background-media":"","overlay-type":"","overlay-color":"","overlay-opacity":"","overlay-gradient":""},"mobile":{"background-color":"var(--ast-global-color-5)","background-image":"","background-repeat":"repeat","background-position":"center center","background-size":"auto","background-attachment":"scroll","background-type":"","background-media":"","overlay-type":"","overlay-color":"","overlay-opacity":"","overlay-gradient":""}},"footnotes":""},"class_list":["post-76","page","type-page","status-publish","hentry"],"yoast_head":"<!-- This site is optimized with the Yoast SEO plugin v25.3 - https:\/\/yoast.com\/wordpress\/plugins\/seo\/ -->\n<title>Services - A K\u00f6z\u00f6ss\u00e9g<\/title>\n<meta name=\"robots\" content=\"index, follow, max-snippet:-1, max-image-preview:large, max-video-preview:-1\" \/>\n<link rel=\"canonical\" href=\"https:\/\/questcommunity.org\/ro\/services\/\" \/>\n<meta property=\"og:locale\" content=\"ro_RO\" \/>\n<meta property=\"og:type\" content=\"article\" \/>\n<meta property=\"og:title\" content=\"Services - A K\u00f6z\u00f6ss\u00e9g\" \/>\n<meta property=\"og:description\" content=\"Fedezd fel programjainkat! F\u0151bb programjaink \u00e9s tev\u00e9kenys\u00e9geink Ismerd meg a K\u00f6z\u00f6ss\u00e9g \u00e1ltal k\u00edn\u00e1lt programokat, amelyek el\u0151seg\u00edtik a szem\u00e9lyes \u00e9s k\u00f6z\u00f6ss\u00e9gi [&hellip;]\" \/>\n<meta property=\"og:url\" content=\"https:\/\/questcommunity.org\/ro\/services\/\" \/>\n<meta property=\"og:site_name\" content=\"A K\u00f6z\u00f6ss\u00e9g\" \/>\n<meta property=\"article:publisher\" content=\"https:\/\/www.facebook.com\/groups\/questcommunityorg\" \/>\n<meta property=\"article:modified_time\" content=\"2025-06-22T06:13:45+00:00\" \/>\n<meta name=\"twitter:card\" content=\"summary_large_image\" \/>\n<meta name=\"twitter:label1\" content=\"Timp estimat pentru citire\" \/>\n\t<meta name=\"twitter:data1\" content=\"1 minut\" \/>\n<script type=\"application\/ld+json\" class=\"yoast-schema-graph\">{\"@context\":\"https:\/\/schema.org\",\"@graph\":[{\"@type\":\"WebPage\",\"@id\":\"https:\/\/questcommunity.org\/services\/\",\"url\":\"https:\/\/questcommunity.org\/services\/\",\"name\":\"Services - A K\u00f6z\u00f6ss\u00e9g\",\"isPartOf\":{\"@id\":\"https:\/\/questcommunity.org\/#website\"},\"datePublished\":\"2025-05-29T08:02:04+00:00\",\"dateModified\":\"2025-06-22T06:13:45+00:00\",\"breadcrumb\":{\"@id\":\"https:\/\/questcommunity.org\/services\/#breadcrumb\"},\"inLanguage\":\"ro-RO\",\"potentialAction\":[{\"@type\":\"ReadAction\",\"target\":[\"https:\/\/questcommunity.org\/services\/\"]}]},{\"@type\":\"BreadcrumbList\",\"@id\":\"https:\/\/questcommunity.org\/services\/#breadcrumb\",\"itemListElement\":[{\"@type\":\"ListItem\",\"position\":1,\"name\":\"Kezd\u0151lap\",\"item\":\"https:\/\/questcommunity.org\/\"},{\"@type\":\"ListItem\",\"position\":2,\"name\":\"Services\"}]},{\"@type\":\"WebSite\",\"@id\":\"https:\/\/questcommunity.org\/#website\",\"url\":\"https:\/\/questcommunity.org\/\",\"name\":\"The Quest Community\",\"description\":\"\",\"publisher\":{\"@id\":\"https:\/\/questcommunity.org\/#organization\"},\"potentialAction\":[{\"@type\":\"SearchAction\",\"target\":{\"@type\":\"EntryPoint\",\"urlTemplate\":\"https:\/\/questcommunity.org\/?s={search_term_string}\"},\"query-input\":{\"@type\":\"PropertyValueSpecification\",\"valueRequired\":true,\"valueName\":\"search_term_string\"}}],\"inLanguage\":\"ro-RO\"},{\"@type\":\"Organization\",\"@id\":\"https:\/\/questcommunity.org\/#organization\",\"name\":\"The Quest Community\",\"url\":\"https:\/\/questcommunity.org\/\",\"logo\":{\"@type\":\"ImageObject\",\"inLanguage\":\"ro-RO\",\"@id\":\"https:\/\/questcommunity.org\/#\/schema\/logo\/image\/\",\"url\":\"https:\/\/questcommunity.org\/wp-content\/uploads\/2025\/05\/cropped-cropped-logo_K.png\",\"contentUrl\":\"https:\/\/questcommunity.org\/wp-content\/uploads\/2025\/05\/cropped-cropped-logo_K.png\",\"width\":512,\"height\":512,\"caption\":\"The Quest Community\"},\"image\":{\"@id\":\"https:\/\/questcommunity.org\/#\/schema\/logo\/image\/\"},\"sameAs\":[\"https:\/\/www.facebook.com\/groups\/questcommunityorg\"]}]}<\/script>\n<!-- \/ Yoast SEO plugin. -->","yoast_head_json":{"title":"Services - A K\u00f6z\u00f6ss\u00e9g","robots":{"index":"index","follow":"follow","max-snippet":"max-snippet:-1","max-image-preview":"max-image-preview:large","max-video-preview":"max-video-preview:-1"},"canonical":"https:\/\/questcommunity.org\/ro\/services\/","og_locale":"ro_RO","og_type":"article","og_title":"Services - A K\u00f6z\u00f6ss\u00e9g","og_description":"Fedezd fel programjainkat! F\u0151bb programjaink \u00e9s tev\u00e9kenys\u00e9geink Ismerd meg a K\u00f6z\u00f6ss\u00e9g \u00e1ltal k\u00edn\u00e1lt programokat, amelyek el\u0151seg\u00edtik a szem\u00e9lyes \u00e9s k\u00f6z\u00f6ss\u00e9gi [&hellip;]","og_url":"https:\/\/questcommunity.org\/ro\/services\/","og_site_name":"A K\u00f6z\u00f6ss\u00e9g","article_publisher":"https:\/\/www.facebook.com\/groups\/questcommunityorg","article_modified_time":"2025-06-22T06:13:45+00:00","twitter_card":"summary_large_image","twitter_misc":{"Timp estimat pentru citire":"1 minut"},"schema":{"@context":"https:\/\/schema.org","@graph":[{"@type":"WebPage","@id":"https:\/\/questcommunity.org\/services\/","url":"https:\/\/questcommunity.org\/services\/","name":"Services - A K\u00f6z\u00f6ss\u00e9g","isPartOf":{"@id":"https:\/\/questcommunity.org\/#website"},"datePublished":"2025-05-29T08:02:04+00:00","dateModified":"2025-06-22T06:13:45+00:00","breadcrumb":{"@id":"https:\/\/questcommunity.org\/services\/#breadcrumb"},"inLanguage":"ro-RO","potentialAction":[{"@type":"ReadAction","target":["https:\/\/questcommunity.org\/services\/"]}]},{"@type":"BreadcrumbList","@id":"https:\/\/questcommunity.org\/services\/#breadcrumb","itemListElement":[{"@type":"ListItem","position":1,"name":"Kezd\u0151lap","item":"https:\/\/questcommunity.org\/"},{"@type":"ListItem","position":2,"name":"Services"}]},{"@type":"WebSite","@id":"https:\/\/questcommunity.org\/#website","url":"https:\/\/questcommunity.org\/","name":"The Quest Community","description":"","publisher":{"@id":"https:\/\/questcommunity.org\/#organization"},"potentialAction":[{"@type":"SearchAction","target":{"@type":"EntryPoint","urlTemplate":"https:\/\/questcommunity.org\/?s={search_term_string}"},"query-input":{"@type":"PropertyValueSpecification","valueRequired":true,"valueName":"search_term_string"}}],"inLanguage":"ro-RO"},{"@type":"Organization","@id":"https:\/\/questcommunity.org\/#organization","name":"The Quest Community","url":"https:\/\/questcommunity.org\/","logo":{"@type":"ImageObject","inLanguage":"ro-RO","@id":"https:\/\/questcommunity.org\/#\/schema\/logo\/image\/","url":"https:\/\/questcommunity.org\/wp-content\/uploads\/2025\/05\/cropped-cropped-logo_K.png","contentUrl":"https:\/\/questcommunity.org\/wp-content\/uploads\/2025\/05\/cropped-cropped-logo_K.png","width":512,"height":512,"caption":"The Quest Community"},"image":{"@id":"https:\/\/questcommunity.org\/#\/schema\/logo\/image\/"},"sameAs":["https:\/\/www.facebook.com\/groups\/questcommunityorg"]}]}},"uagb_featured_image_src":{"full":false,"thumbnail":false,"medium":false,"medium_large":false,"large":false,"1536x1536":false,"2048x2048":false,"trp-custom-language-flag":false},"uagb_author_info":{"display_name":"L\u00e9n\u00e1rd","author_link":"https:\/\/questcommunity.org\/ro\/author\/lenard2010gmail-com\/"},"uagb_comment_info":0,"uagb_excerpt":"Fedezd fel programjainkat! F\u0151bb programjaink \u00e9s tev\u00e9kenys\u00e9geink Ismerd meg a K\u00f6z\u00f6ss\u00e9g \u00e1ltal k\u00edn\u00e1lt programokat, amelyek el\u0151seg\u00edtik a szem\u00e9lyes \u00e9s k\u00f6z\u00f6ss\u00e9gi [&hellip;]","_links":{"self":[{"href":"https:\/\/questcommunity.org\/ro\/wp-json\/wp\/v2\/pages\/76","targetHints":{"allow":["GET"]}}],"collection":[{"href":"https:\/\/questcommunity.org\/ro\/wp-json\/wp\/v2\/pages"}],"about":[{"href":"https:\/\/questcommunity.org\/ro\/wp-json\/wp\/v2\/types\/page"}],"author":[{"embeddable":true,"href":"https:\/\/questcommunity.org\/ro\/wp-json\/wp\/v2\/users\/1"}],"replies":[{"embeddable":true,"href":"https:\/\/questcommunity.org\/ro\/wp-json\/wp\/v2\/comments?post=76"}],"version-history":[{"count":6,"href":"https:\/\/questcommunity.org\/ro\/wp-json\/wp\/v2\/pages\/76\/revisions"}],"predecessor-version":[{"id":345,"href":"https:\/\/questcommunity.org\/ro\/wp-json\/wp\/v2\/pages\/76\/revisions\/345"}],"wp:attachment":[{"href":"https:\/\/questcommunity.org\/ro\/wp-json\/wp\/v2\/media?parent=76"}],"curies":[{"name":"wp","href":"https:\/\/api.w.org\/{rel}","templated":true}]}}